{"id":1943,"date":"2019-09-26T08:15:53","date_gmt":"2019-09-26T07:15:53","guid":{"rendered":"https:\/\/labonneauberge.net\/index.php\/suche-nach-verfuegbarkeit\/"},"modified":"2023-01-17T19:08:39","modified_gmt":"2023-01-17T18:08:39","slug":"buchung","status":"publish","type":"page","link":"https:\/\/labonneauberge.net\/de\/index.php\/buchung\/","title":{"rendered":"Buchen Sie jetzt"},"content":{"rendered":"<div class=\"mphb_sc_search-wrapper \">\n<form method=\"GET\" class=\"mphb_sc_search-form\" action=\"https:\/\/labonneauberge.net\/de\/index.php\/suchergebnisse\/\" data-first_available_check_in_date=\"2026-04-18\">\n\n\t\n\t<p class=\"mphb_sc_search-check-in-date\">\n\t\t<label for=\"mphb_check_in_date-mphb-search-form-69e1f6b925bfa\">\n\t\t\tAnreise\t\t\t<abbr title=\"Formatiert als dd\/mm\/yyyy\">*<\/abbr>\n\t\t<\/label>\n\t\t<br \/>\n\t\t<input\n\t\t\tid=\"mphb_check_in_date-mphb-search-form-69e1f6b925bfa\"\n\t\t\tdata-datepick-group=\"mphb-search-form-69e1f6b925bfa\"\n\t\t\tvalue=\"\"\n\t\t\tplaceholder=\"Anreisedatum\"\n\t\t\trequired=\"required\"\n\t\t\ttype=\"text\"\n\t\t\tinputmode=\"none\"\n\t\t\tname=\"mphb_check_in_date\"\n\t\t\tclass=\"mphb-datepick\"\n\t\t\tautocomplete=\"off\"\n\t\t\t\/>\n\t<\/p>\n\n\t<p class=\"mphb_sc_search-check-out-date\">\n\t\t<label for=\"mphb_check_out_date-mphb-search-form-69e1f6b925bfa\">\n\t\t\tAbreise\t\t\t<abbr title=\"Formatiert als dd\/mm\/yyyy\">*<\/abbr>\n\t\t<\/label>\n\t\t<br \/>\n\t\t<input\n\t\t\tid=\"mphb_check_out_date-mphb-search-form-69e1f6b925bfa\"\n\t\t\tdata-datepick-group=\"mphb-search-form-69e1f6b925bfa\"\n\t\t\tvalue=\"\"\n\t\t\tplaceholder=\"Abreisedatum\"\n\t\t\trequired=\"required\"\n\t\t\ttype=\"text\"\n\t\t\tinputmode=\"none\"\n\t\t\tname=\"mphb_check_out_date\"\n\t\t\tclass=\"mphb-datepick\"\n\t\t\tautocomplete=\"off\"\n\t\t\t\/>\n\t<\/p>\n\n\t\t\t<input type=\"hidden\" id=\"mphb_adults-mphb-search-form-69e1f6b925bfa\" name=\"mphb_adults\" value=\"1\" \/>\n\t\n\t\t\t<input type=\"hidden\" id=\"mphb_children-mphb-search-form-69e1f6b925bfa\" name=\"mphb_children\" value=\"0\" \/>\n\t\n\t\n\t\n\t<input id=\"mphb_check_in_date-mphb-search-form-69e1f6b925bfa-hidden\" value=\"\" type=\"hidden\" name=\"mphb_check_in_date\" \/><input id=\"mphb_check_out_date-mphb-search-form-69e1f6b925bfa-hidden\" value=\"\" type=\"hidden\" name=\"mphb_check_out_date\" \/>\n\t<p class=\"mphb_sc_search-submit-button-wrapper\">\n\t\t<input type=\"submit\" class=\"button\" value=\"Suche\"\/>\n\t<\/p>\n\n\t\n<\/form>\n<\/div>\n","protected":false},"excerpt":{"rendered":"","protected":false},"author":1,"featured_media":0,"parent":0,"menu_order":0,"comment_status":"closed","ping_status":"closed","template":"","meta":{"_eb_attr":"","om_disable_all_campaigns":false,"inline_featured_image":false,"_monsterinsights_skip_tracking":false,"_monsterinsights_sitenote_active":false,"_monsterinsights_sitenote_note":"","_monsterinsights_sitenote_category":0,"footnotes":""},"class_list":["post-1943","page","type-page","status-publish","hentry"],"yoast_head":"<!-- This site is optimized with the Yoast SEO plugin v27.2 - https:\/\/yoast.com\/product\/yoast-seo-wordpress\/ -->\n<title>Buchen Sie Ihren S\u00fcdafrika Urlaub | Buchung | La Bonne Auberge<\/title>\n<meta name=\"description\" content=\"Book your South African holiday at La Bonne Auberge Guest House in Somerset West. Wir freuen uns, Sie in unserem G\u00e4stehaus begr\u00fcssen zu d\u00fcrfen.\" \/>\n<meta name=\"robots\" content=\"index, follow, max-snippet:-1, max-image-preview:large, max-video-preview:-1\" \/>\n<link rel=\"canonical\" href=\"https:\/\/labonneauberge.net\/de\/index.php\/buchung\/\" \/>\n<meta property=\"og:locale\" content=\"de_DE\" \/>\n<meta property=\"og:type\" content=\"article\" \/>\n<meta property=\"og:title\" content=\"Buchen Sie Ihren S\u00fcdafrika Urlaub | Buchung | La Bonne Auberge\" \/>\n<meta property=\"og:description\" content=\"Book your South African holiday at La Bonne Auberge Guest House in Somerset West. Wir freuen uns, Sie in unserem G\u00e4stehaus begr\u00fcssen zu d\u00fcrfen.\" \/>\n<meta property=\"og:url\" content=\"https:\/\/labonneauberge.net\/de\/index.php\/buchung\/\" \/>\n<meta property=\"og:site_name\" content=\"La Bonne Auberge\" \/>\n<meta property=\"article:publisher\" content=\"https:\/\/www.facebook.com\/La.Bonne.Auberge.Somerset.West\" \/>\n<meta property=\"article:modified_time\" content=\"2023-01-17T18:08:39+00:00\" \/>\n<meta name=\"twitter:card\" content=\"summary_large_image\" \/>\n<meta name=\"twitter:site\" content=\"@LaBonneAubergeS\" \/>\n<meta name=\"twitter:label1\" content=\"Gesch\u00e4tzte Lesezeit\" \/>\n\t<meta name=\"twitter:data1\" content=\"1\u00a0Minute\" \/>\n<script type=\"application\/ld+json\" class=\"yoast-schema-graph\">{\"@context\":\"https:\/\/schema.org\",\"@graph\":[{\"@type\":\"WebPage\",\"@id\":\"https:\/\/labonneauberge.net\/de\/index.php\/buchung\/\",\"url\":\"https:\/\/labonneauberge.net\/de\/index.php\/buchung\/\",\"name\":\"Buchen Sie Ihren S\u00fcdafrika Urlaub | Buchung | La Bonne Auberge\",\"isPartOf\":{\"@id\":\"https:\/\/labonneauberge.net\/de\/#website\"},\"datePublished\":\"2019-09-26T07:15:53+00:00\",\"dateModified\":\"2023-01-17T18:08:39+00:00\",\"description\":\"Book your South African holiday at La Bonne Auberge Guest House in Somerset West. Wir freuen uns, Sie in unserem G\u00e4stehaus begr\u00fcssen zu d\u00fcrfen.\",\"breadcrumb\":{\"@id\":\"https:\/\/labonneauberge.net\/de\/index.php\/buchung\/#breadcrumb\"},\"inLanguage\":\"de\",\"potentialAction\":[{\"@type\":\"ReadAction\",\"target\":[\"https:\/\/labonneauberge.net\/de\/index.php\/buchung\/\"]}]},{\"@type\":\"BreadcrumbList\",\"@id\":\"https:\/\/labonneauberge.net\/de\/index.php\/buchung\/#breadcrumb\",\"itemListElement\":[{\"@type\":\"ListItem\",\"position\":1,\"name\":\"Home\",\"item\":\"https:\/\/labonneauberge.net\/de\/index.php\/home\/\"},{\"@type\":\"ListItem\",\"position\":2,\"name\":\"Buchen Sie jetzt\"}]},{\"@type\":\"WebSite\",\"@id\":\"https:\/\/labonneauberge.net\/de\/#website\",\"url\":\"https:\/\/labonneauberge.net\/de\/\",\"name\":\"La Bonne Auberge\",\"description\":\"Guesthouse in Somerset West\",\"publisher\":{\"@id\":\"https:\/\/labonneauberge.net\/de\/#organization\"},\"potentialAction\":[{\"@type\":\"SearchAction\",\"target\":{\"@type\":\"EntryPoint\",\"urlTemplate\":\"https:\/\/labonneauberge.net\/de\/?s={search_term_string}\"},\"query-input\":{\"@type\":\"PropertyValueSpecification\",\"valueRequired\":true,\"valueName\":\"search_term_string\"}}],\"inLanguage\":\"de\"},{\"@type\":\"Organization\",\"@id\":\"https:\/\/labonneauberge.net\/de\/#organization\",\"name\":\"La Bonne Auberge Somerset West\",\"url\":\"https:\/\/labonneauberge.net\/de\/\",\"logo\":{\"@type\":\"ImageObject\",\"inLanguage\":\"de\",\"@id\":\"https:\/\/labonneauberge.net\/de\/#\/schema\/logo\/image\/\",\"url\":\"https:\/\/labonneauberge.net\/wp-content\/uploads\/2025\/01\/cropped-LBALogo_black_Stars_transparent_kklein.png\",\"contentUrl\":\"https:\/\/labonneauberge.net\/wp-content\/uploads\/2025\/01\/cropped-LBALogo_black_Stars_transparent_kklein.png\",\"width\":473,\"height\":255,\"caption\":\"La Bonne Auberge Somerset West\"},\"image\":{\"@id\":\"https:\/\/labonneauberge.net\/de\/#\/schema\/logo\/image\/\"},\"sameAs\":[\"https:\/\/www.facebook.com\/La.Bonne.Auberge.Somerset.West\",\"https:\/\/x.com\/LaBonneAubergeS\",\"https:\/\/www.instagram.com\/labonneaubergesomersetwest\/\"]}]}<\/script>\n<!-- \/ Yoast SEO plugin. -->","yoast_head_json":{"title":"Buchen Sie Ihren S\u00fcdafrika Urlaub | Buchung | La Bonne Auberge","description":"Book your South African holiday at La Bonne Auberge Guest House in Somerset West. Wir freuen uns, Sie in unserem G\u00e4stehaus begr\u00fcssen zu d\u00fcrfen.","robots":{"index":"index","follow":"follow","max-snippet":"max-snippet:-1","max-image-preview":"max-image-preview:large","max-video-preview":"max-video-preview:-1"},"canonical":"https:\/\/labonneauberge.net\/de\/index.php\/buchung\/","og_locale":"de_DE","og_type":"article","og_title":"Buchen Sie Ihren S\u00fcdafrika Urlaub | Buchung | La Bonne Auberge","og_description":"Book your South African holiday at La Bonne Auberge Guest House in Somerset West. Wir freuen uns, Sie in unserem G\u00e4stehaus begr\u00fcssen zu d\u00fcrfen.","og_url":"https:\/\/labonneauberge.net\/de\/index.php\/buchung\/","og_site_name":"La Bonne Auberge","article_publisher":"https:\/\/www.facebook.com\/La.Bonne.Auberge.Somerset.West","article_modified_time":"2023-01-17T18:08:39+00:00","twitter_card":"summary_large_image","twitter_site":"@LaBonneAubergeS","twitter_misc":{"Gesch\u00e4tzte Lesezeit":"1\u00a0Minute"},"schema":{"@context":"https:\/\/schema.org","@graph":[{"@type":"WebPage","@id":"https:\/\/labonneauberge.net\/de\/index.php\/buchung\/","url":"https:\/\/labonneauberge.net\/de\/index.php\/buchung\/","name":"Buchen Sie Ihren S\u00fcdafrika Urlaub | Buchung | La Bonne Auberge","isPartOf":{"@id":"https:\/\/labonneauberge.net\/de\/#website"},"datePublished":"2019-09-26T07:15:53+00:00","dateModified":"2023-01-17T18:08:39+00:00","description":"Book your South African holiday at La Bonne Auberge Guest House in Somerset West. Wir freuen uns, Sie in unserem G\u00e4stehaus begr\u00fcssen zu d\u00fcrfen.","breadcrumb":{"@id":"https:\/\/labonneauberge.net\/de\/index.php\/buchung\/#breadcrumb"},"inLanguage":"de","potentialAction":[{"@type":"ReadAction","target":["https:\/\/labonneauberge.net\/de\/index.php\/buchung\/"]}]},{"@type":"BreadcrumbList","@id":"https:\/\/labonneauberge.net\/de\/index.php\/buchung\/#breadcrumb","itemListElement":[{"@type":"ListItem","position":1,"name":"Home","item":"https:\/\/labonneauberge.net\/de\/index.php\/home\/"},{"@type":"ListItem","position":2,"name":"Buchen Sie jetzt"}]},{"@type":"WebSite","@id":"https:\/\/labonneauberge.net\/de\/#website","url":"https:\/\/labonneauberge.net\/de\/","name":"La Bonne Auberge","description":"Guesthouse in Somerset West","publisher":{"@id":"https:\/\/labonneauberge.net\/de\/#organization"},"potentialAction":[{"@type":"SearchAction","target":{"@type":"EntryPoint","urlTemplate":"https:\/\/labonneauberge.net\/de\/?s={search_term_string}"},"query-input":{"@type":"PropertyValueSpecification","valueRequired":true,"valueName":"search_term_string"}}],"inLanguage":"de"},{"@type":"Organization","@id":"https:\/\/labonneauberge.net\/de\/#organization","name":"La Bonne Auberge Somerset West","url":"https:\/\/labonneauberge.net\/de\/","logo":{"@type":"ImageObject","inLanguage":"de","@id":"https:\/\/labonneauberge.net\/de\/#\/schema\/logo\/image\/","url":"https:\/\/labonneauberge.net\/wp-content\/uploads\/2025\/01\/cropped-LBALogo_black_Stars_transparent_kklein.png","contentUrl":"https:\/\/labonneauberge.net\/wp-content\/uploads\/2025\/01\/cropped-LBALogo_black_Stars_transparent_kklein.png","width":473,"height":255,"caption":"La Bonne Auberge Somerset West"},"image":{"@id":"https:\/\/labonneauberge.net\/de\/#\/schema\/logo\/image\/"},"sameAs":["https:\/\/www.facebook.com\/La.Bonne.Auberge.Somerset.West","https:\/\/x.com\/LaBonneAubergeS","https:\/\/www.instagram.com\/labonneaubergesomersetwest\/"]}]}},"_links":{"self":[{"href":"https:\/\/labonneauberge.net\/de\/index.php\/wp-json\/wp\/v2\/pages\/1943","targetHints":{"allow":["GET"]}}],"collection":[{"href":"https:\/\/labonneauberge.net\/de\/index.php\/wp-json\/wp\/v2\/pages"}],"about":[{"href":"https:\/\/labonneauberge.net\/de\/index.php\/wp-json\/wp\/v2\/types\/page"}],"author":[{"embeddable":true,"href":"https:\/\/labonneauberge.net\/de\/index.php\/wp-json\/wp\/v2\/users\/1"}],"replies":[{"embeddable":true,"href":"https:\/\/labonneauberge.net\/de\/index.php\/wp-json\/wp\/v2\/comments?post=1943"}],"version-history":[{"count":1,"href":"https:\/\/labonneauberge.net\/de\/index.php\/wp-json\/wp\/v2\/pages\/1943\/revisions"}],"predecessor-version":[{"id":2976,"href":"https:\/\/labonneauberge.net\/de\/index.php\/wp-json\/wp\/v2\/pages\/1943\/revisions\/2976"}],"wp:attachment":[{"href":"https:\/\/labonneauberge.net\/de\/index.php\/wp-json\/wp\/v2\/media?parent=1943"}],"curies":[{"name":"wp","href":"https:\/\/api.w.org\/{rel}","templated":true}]}}