{"id":1958,"date":"2019-10-10T14:19:16","date_gmt":"2019-10-10T13:19:16","guid":{"rendered":"https:\/\/labonneauberge.net\/index.php\/bedingungen-und-konditionen\/"},"modified":"2026-01-28T07:50:53","modified_gmt":"2026-01-28T06:50:53","slug":"konditionen","status":"publish","type":"page","link":"https:\/\/labonneauberge.net\/de\/index.php\/konditionen\/","title":{"rendered":"Bedingungen und Konditionen"},"content":{"rendered":"\n<ol class=\"wp-block-list\">\n<li>Ich verzichte nicht auf die Haftung f\u00fcr meine Rechnung und erkl\u00e4re mich damit einverstanden, pers\u00f6nlich zur Rechenschaft gezogen zu werden, falls die angegebene Person, Firma oder Vereinigung einen Teil oder den gesamten Betrag der Geb\u00fchren des La Bonne Auberge Guesthouse nicht bezahlt.<br><\/li>\n\n\n\n<li>La Bonne Auberge beh\u00e4lt sich das Recht vor, eine Geb\u00fchr f\u00fcr die vorzeitige Abreise zu erheben, falls der Gast fr\u00fcher als am urspr\u00fcnglichen Abreisedatum abreist.<br> <\/li>\n\n\n\n<li>G\u00e4ste mit nicht stornierbaren Reservierungen sind f\u00fcr die gesamte Dauer ihrer urspr\u00fcnglichen Buchung haftbar.<br><\/li>\n\n\n\n<li>Die G\u00e4ste sollten darauf achten, dass ihre Zimmert\u00fcr jederzeit gut gesichert ist. Die Direktion des Hotels La Bonne Auberge kann nicht f\u00fcr pers\u00f6nliche Gegenst\u00e4nde und Wertsachen, die in den Zimmern zur\u00fcckgelassen werden, verantwortlich gemacht werden. Safes in den Zimmern sind vorhanden und werden den G\u00e4sten zur Benutzung empfohlen.<br><\/li>\n\n\n\n<li>Angemeldete G\u00e4ste sind f\u00fcr fehlende oder besch\u00e4digte Gegenst\u00e4nde in ihrem Hotelzimmer oder in den Innen- und Au\u00dfenbereichen des G\u00e4stehauses verantwortlich. Diese Haftung erstreckt sich sowohl auf registrierte G\u00e4ste als auch auf deren Besucher.<br><\/li>\n\n\n\n<li>G\u00e4ste, die in Innenr\u00e4umen beim Rauchen erwischt werden, m\u00fcssen mit einer Geldstrafe von R 4000 pro Vorfall rechnen, ausser in den ausgewiesenen Raucherbereichen.<br><\/li>\n\n\n\n<li> Pool Regeln: Ich erkl\u00e4re mich damit einverstanden und erkenne an, dass ich beim Betreten und Benutzen des unbeaufsichtigten Pools auf eigene Gefahr handele und dass die Hotelleitung nicht f\u00fcr Verletzungen, Tod oder Verlust und\/oder Besch\u00e4digung von Eigentum haftet.<br><\/li>\n\n\n\n<li>Sofern oben nicht anders angegeben, bin ich damit einverstanden, dass mir der Newsletter des La Bonne Auberge Guesthouses und andere exklusive Rabattangebote per E-Mail zugesandt werden.<\/li>\n<\/ol>\n\n\n\n<h2 class=\"wp-block-heading\">Anzahlung und Stornierungsbedingungen<\/h2>\n\n\n\n<p>Um eine Buchung in La Bonne Auberge zu garantieren, kann die La Bonne Auberge eine Anzahlung einfordern.<\/p>\n\n\n\n<p><\/p>\n\n\n\n<p>Alle Buchungen sind nach der Best\u00e4tigung von La Bonne Auberge definitiv.<\/p>\n\n\n\n<p>Bei Stornierung der Buchung fallen folgende Kosten an:<\/p>\n\n\n\n<ul class=\"wp-block-list\">\n<li>Bei einer Stornierung 30 Tage vor der Ankunft oder bei Nichterscheinen ist der Gesamtbetrag geschuldet .<\/li>\n\n\n\n<li>Bei einer Stornierung 31 &#8211; 60 Tage vor der Ankunft sind 75% des Gesamtbetrages geschuldet.<\/li>\n\n\n\n<li>Bei einer Stornierung 61 &#8211; 120 Tage vor der Ankunft sind 50% des Gesamtbetrages geschuldet.<\/li>\n\n\n\n<li>Bei Stornierungen, die mehr als 121 Tage vor dem Anreisedatum erfolgen, wird die gesamte Anzahlung abz\u00fcglich der entsprechenden Bankgeb\u00fchren zur\u00fcckerstattet.<\/li>\n<\/ul>\n","protected":false},"excerpt":{"rendered":"<p>Anzahlung und Stornierungsbedingungen Um eine Buchung in La Bonne Auberge zu garantieren, kann die La Bonne Auberge eine Anzahlung einfordern. Alle Buchungen sind nach der Best\u00e4tigung von La Bonne Auberge definitiv. Bei Stornierung der Buchung fallen folgende Kosten an:<\/p>\n","protected":false},"author":1,"featured_media":0,"parent":0,"menu_order":0,"comment_status":"closed","ping_status":"closed","template":"","meta":{"_eb_attr":"","om_disable_all_campaigns":false,"inline_featured_image":false,"_monsterinsights_skip_tracking":false,"_monsterinsights_sitenote_active":false,"_monsterinsights_sitenote_note":"","_monsterinsights_sitenote_category":0,"footnotes":""},"class_list":["post-1958","page","type-page","status-publish","hentry"],"yoast_head":"<!-- This site is optimized with the Yoast SEO plugin v27.4 - https:\/\/yoast.com\/product\/yoast-seo-wordpress\/ -->\n<title>Bedingungen und Konditionen - La Bonne Auberge<\/title>\n<meta name=\"robots\" content=\"index, follow, max-snippet:-1, max-image-preview:large, max-video-preview:-1\" \/>\n<link rel=\"canonical\" href=\"https:\/\/labonneauberge.net\/de\/index.php\/konditionen\/\" \/>\n<meta property=\"og:locale\" content=\"de_DE\" \/>\n<meta property=\"og:type\" content=\"article\" \/>\n<meta property=\"og:title\" content=\"Bedingungen und Konditionen - La Bonne Auberge\" \/>\n<meta property=\"og:description\" content=\"Anzahlung und Stornierungsbedingungen Um eine Buchung in La Bonne Auberge zu garantieren, kann die La Bonne Auberge eine Anzahlung einfordern. Alle Buchungen sind nach der Best\u00e4tigung von La Bonne Auberge definitiv. Bei Stornierung der Buchung fallen folgende Kosten an:\" \/>\n<meta property=\"og:url\" content=\"https:\/\/labonneauberge.net\/de\/index.php\/konditionen\/\" \/>\n<meta property=\"og:site_name\" content=\"La Bonne Auberge\" \/>\n<meta property=\"article:publisher\" content=\"https:\/\/www.facebook.com\/La.Bonne.Auberge.Somerset.West\" \/>\n<meta property=\"article:modified_time\" content=\"2026-01-28T06:50:53+00:00\" \/>\n<meta name=\"twitter:card\" content=\"summary_large_image\" \/>\n<meta name=\"twitter:site\" content=\"@LaBonneAubergeS\" \/>\n<meta name=\"twitter:label1\" content=\"Gesch\u00e4tzte Lesezeit\" \/>\n\t<meta name=\"twitter:data1\" content=\"2\u00a0Minuten\" \/>\n<script type=\"application\/ld+json\" class=\"yoast-schema-graph\">{\"@context\":\"https:\\\/\\\/schema.org\",\"@graph\":[{\"@type\":\"WebPage\",\"@id\":\"https:\\\/\\\/labonneauberge.net\\\/de\\\/index.php\\\/konditionen\\\/\",\"url\":\"https:\\\/\\\/labonneauberge.net\\\/de\\\/index.php\\\/konditionen\\\/\",\"name\":\"Bedingungen und Konditionen - La Bonne Auberge\",\"isPartOf\":{\"@id\":\"https:\\\/\\\/labonneauberge.net\\\/de\\\/#website\"},\"datePublished\":\"2019-10-10T13:19:16+00:00\",\"dateModified\":\"2026-01-28T06:50:53+00:00\",\"breadcrumb\":{\"@id\":\"https:\\\/\\\/labonneauberge.net\\\/de\\\/index.php\\\/konditionen\\\/#breadcrumb\"},\"inLanguage\":\"de\",\"potentialAction\":[{\"@type\":\"ReadAction\",\"target\":[\"https:\\\/\\\/labonneauberge.net\\\/de\\\/index.php\\\/konditionen\\\/\"]}]},{\"@type\":\"BreadcrumbList\",\"@id\":\"https:\\\/\\\/labonneauberge.net\\\/de\\\/index.php\\\/konditionen\\\/#breadcrumb\",\"itemListElement\":[{\"@type\":\"ListItem\",\"position\":1,\"name\":\"Home\",\"item\":\"https:\\\/\\\/labonneauberge.net\\\/de\\\/index.php\\\/home\\\/\"},{\"@type\":\"ListItem\",\"position\":2,\"name\":\"Bedingungen und Konditionen\"}]},{\"@type\":\"WebSite\",\"@id\":\"https:\\\/\\\/labonneauberge.net\\\/de\\\/#website\",\"url\":\"https:\\\/\\\/labonneauberge.net\\\/de\\\/\",\"name\":\"La Bonne Auberge\",\"description\":\"Guesthouse in Somerset West\",\"publisher\":{\"@id\":\"https:\\\/\\\/labonneauberge.net\\\/de\\\/#organization\"},\"potentialAction\":[{\"@type\":\"SearchAction\",\"target\":{\"@type\":\"EntryPoint\",\"urlTemplate\":\"https:\\\/\\\/labonneauberge.net\\\/de\\\/?s={search_term_string}\"},\"query-input\":{\"@type\":\"PropertyValueSpecification\",\"valueRequired\":true,\"valueName\":\"search_term_string\"}}],\"inLanguage\":\"de\"},{\"@type\":\"Organization\",\"@id\":\"https:\\\/\\\/labonneauberge.net\\\/de\\\/#organization\",\"name\":\"La Bonne Auberge Somerset West\",\"url\":\"https:\\\/\\\/labonneauberge.net\\\/de\\\/\",\"logo\":{\"@type\":\"ImageObject\",\"inLanguage\":\"de\",\"@id\":\"https:\\\/\\\/labonneauberge.net\\\/de\\\/#\\\/schema\\\/logo\\\/image\\\/\",\"url\":\"https:\\\/\\\/labonneauberge.net\\\/wp-content\\\/uploads\\\/2025\\\/01\\\/cropped-LBALogo_black_Stars_transparent_kklein.png\",\"contentUrl\":\"https:\\\/\\\/labonneauberge.net\\\/wp-content\\\/uploads\\\/2025\\\/01\\\/cropped-LBALogo_black_Stars_transparent_kklein.png\",\"width\":473,\"height\":255,\"caption\":\"La Bonne Auberge Somerset West\"},\"image\":{\"@id\":\"https:\\\/\\\/labonneauberge.net\\\/de\\\/#\\\/schema\\\/logo\\\/image\\\/\"},\"sameAs\":[\"https:\\\/\\\/www.facebook.com\\\/La.Bonne.Auberge.Somerset.West\",\"https:\\\/\\\/x.com\\\/LaBonneAubergeS\",\"https:\\\/\\\/www.instagram.com\\\/labonneaubergesomersetwest\\\/\"]}]}<\/script>\n<!-- \/ Yoast SEO plugin. -->","yoast_head_json":{"title":"Bedingungen und Konditionen - La Bonne Auberge","robots":{"index":"index","follow":"follow","max-snippet":"max-snippet:-1","max-image-preview":"max-image-preview:large","max-video-preview":"max-video-preview:-1"},"canonical":"https:\/\/labonneauberge.net\/de\/index.php\/konditionen\/","og_locale":"de_DE","og_type":"article","og_title":"Bedingungen und Konditionen - La Bonne Auberge","og_description":"Anzahlung und Stornierungsbedingungen Um eine Buchung in La Bonne Auberge zu garantieren, kann die La Bonne Auberge eine Anzahlung einfordern. Alle Buchungen sind nach der Best\u00e4tigung von La Bonne Auberge definitiv. Bei Stornierung der Buchung fallen folgende Kosten an:","og_url":"https:\/\/labonneauberge.net\/de\/index.php\/konditionen\/","og_site_name":"La Bonne Auberge","article_publisher":"https:\/\/www.facebook.com\/La.Bonne.Auberge.Somerset.West","article_modified_time":"2026-01-28T06:50:53+00:00","twitter_card":"summary_large_image","twitter_site":"@LaBonneAubergeS","twitter_misc":{"Gesch\u00e4tzte Lesezeit":"2\u00a0Minuten"},"schema":{"@context":"https:\/\/schema.org","@graph":[{"@type":"WebPage","@id":"https:\/\/labonneauberge.net\/de\/index.php\/konditionen\/","url":"https:\/\/labonneauberge.net\/de\/index.php\/konditionen\/","name":"Bedingungen und Konditionen - La Bonne Auberge","isPartOf":{"@id":"https:\/\/labonneauberge.net\/de\/#website"},"datePublished":"2019-10-10T13:19:16+00:00","dateModified":"2026-01-28T06:50:53+00:00","breadcrumb":{"@id":"https:\/\/labonneauberge.net\/de\/index.php\/konditionen\/#breadcrumb"},"inLanguage":"de","potentialAction":[{"@type":"ReadAction","target":["https:\/\/labonneauberge.net\/de\/index.php\/konditionen\/"]}]},{"@type":"BreadcrumbList","@id":"https:\/\/labonneauberge.net\/de\/index.php\/konditionen\/#breadcrumb","itemListElement":[{"@type":"ListItem","position":1,"name":"Home","item":"https:\/\/labonneauberge.net\/de\/index.php\/home\/"},{"@type":"ListItem","position":2,"name":"Bedingungen und Konditionen"}]},{"@type":"WebSite","@id":"https:\/\/labonneauberge.net\/de\/#website","url":"https:\/\/labonneauberge.net\/de\/","name":"La Bonne Auberge","description":"Guesthouse in Somerset West","publisher":{"@id":"https:\/\/labonneauberge.net\/de\/#organization"},"potentialAction":[{"@type":"SearchAction","target":{"@type":"EntryPoint","urlTemplate":"https:\/\/labonneauberge.net\/de\/?s={search_term_string}"},"query-input":{"@type":"PropertyValueSpecification","valueRequired":true,"valueName":"search_term_string"}}],"inLanguage":"de"},{"@type":"Organization","@id":"https:\/\/labonneauberge.net\/de\/#organization","name":"La Bonne Auberge Somerset West","url":"https:\/\/labonneauberge.net\/de\/","logo":{"@type":"ImageObject","inLanguage":"de","@id":"https:\/\/labonneauberge.net\/de\/#\/schema\/logo\/image\/","url":"https:\/\/labonneauberge.net\/wp-content\/uploads\/2025\/01\/cropped-LBALogo_black_Stars_transparent_kklein.png","contentUrl":"https:\/\/labonneauberge.net\/wp-content\/uploads\/2025\/01\/cropped-LBALogo_black_Stars_transparent_kklein.png","width":473,"height":255,"caption":"La Bonne Auberge Somerset West"},"image":{"@id":"https:\/\/labonneauberge.net\/de\/#\/schema\/logo\/image\/"},"sameAs":["https:\/\/www.facebook.com\/La.Bonne.Auberge.Somerset.West","https:\/\/x.com\/LaBonneAubergeS","https:\/\/www.instagram.com\/labonneaubergesomersetwest\/"]}]}},"_links":{"self":[{"href":"https:\/\/labonneauberge.net\/de\/index.php\/wp-json\/wp\/v2\/pages\/1958","targetHints":{"allow":["GET"]}}],"collection":[{"href":"https:\/\/labonneauberge.net\/de\/index.php\/wp-json\/wp\/v2\/pages"}],"about":[{"href":"https:\/\/labonneauberge.net\/de\/index.php\/wp-json\/wp\/v2\/types\/page"}],"author":[{"embeddable":true,"href":"https:\/\/labonneauberge.net\/de\/index.php\/wp-json\/wp\/v2\/users\/1"}],"replies":[{"embeddable":true,"href":"https:\/\/labonneauberge.net\/de\/index.php\/wp-json\/wp\/v2\/comments?post=1958"}],"version-history":[{"count":11,"href":"https:\/\/labonneauberge.net\/de\/index.php\/wp-json\/wp\/v2\/pages\/1958\/revisions"}],"predecessor-version":[{"id":6182,"href":"https:\/\/labonneauberge.net\/de\/index.php\/wp-json\/wp\/v2\/pages\/1958\/revisions\/6182"}],"wp:attachment":[{"href":"https:\/\/labonneauberge.net\/de\/index.php\/wp-json\/wp\/v2\/media?parent=1958"}],"curies":[{"name":"wp","href":"https:\/\/api.w.org\/{rel}","templated":true}]}}