{"id":2111,"date":"2022-08-06T05:07:35","date_gmt":"2022-08-06T04:07:35","guid":{"rendered":"https:\/\/labonneauberge.net\/index.php\/kontakt-2\/"},"modified":"2023-12-28T21:01:48","modified_gmt":"2023-12-28T20:01:48","slug":"kontakt","status":"publish","type":"page","link":"https:\/\/labonneauberge.net\/de\/index.php\/kontakt\/","title":{"rendered":"Kontakt"},"content":{"rendered":"\n<div class=\"wp-block-getwid-section alignfull alignfull getwid-section-content-custom-width\"><div class=\"wp-block-getwid-section__wrapper getwid-padding-left-medium getwid-padding-right-medium\" style=\"padding-top:80px;padding-bottom:80px\"><div class=\"wp-block-getwid-section__inner-wrapper\" style=\"max-width:1140px\"><div class=\"wp-block-getwid-section__background-holder\"><div class=\"wp-block-getwid-section__background lazyload\" style=\"background-image:inherit\" data-bg-image=\"url(&#039;http:\/\/labonneauberge.net\/wp-content\/uploads\/2023\/12\/MG_1247-scaled.jpg&#039;)\"><div class=\"wp-block-getwid-section__background-image-wrapper\"><img decoding=\"async\" class=\"wp-block-getwid-section__background-image lazyload\" data-src=\"http:\/\/labonneauberge.net\/wp-content\/uploads\/2023\/12\/MG_1247-scaled.jpg\" alt=\"\" src=\"data:image\/svg+xml;base64,PHN2ZyB3aWR0aD0iMSIgaGVpZ2h0PSIxIiB4bWxucz0iaHR0cDovL3d3dy53My5vcmcvMjAwMC9zdmciPjwvc3ZnPg==\" style=\"--smush-placeholder-width: 2560px; --smush-placeholder-aspect-ratio: 2560\/1711;\" \/><\/div><\/div><div class=\"wp-block-getwid-section__foreground\" style=\"opacity:0.7;background-color:#000000\"><\/div><\/div><div class=\"wp-block-getwid-section__content\"><div class=\"wp-block-getwid-section__inner-content\">\n<div class=\"wp-block-columns has-2-columns are-vertically-aligned-center is-layout-flex wp-container-core-columns-is-layout-9d6595d7 wp-block-columns-is-layout-flex\">\n<div class=\"wp-block-column is-vertically-aligned-center is-layout-flow wp-block-column-is-layout-flow\">\n<div class=\"wp-block-getwid-advanced-heading\" style=\"margin-bottom:10px;margin-top:0px\"><h3 class=\"wp-block-getwid-advanced-heading__content has-text-color\" style=\"color:#ffffff\">Wie k\u00f6nnen wir Ihnen heute helfen?<\/h3><\/div>\n\n\n\n<p class=\"has-white-color has-text-color\">Wenn Sie Fragen zur unserer Unterkunft haben, k\u00f6nnen Sie sich gerne direkt an uns wenden, wir w\u00fcrden uns freuen, Sie bei uns begr\u00fcssen zu d\u00fcrfen.<\/p>\n\n\n\n<p class=\"has-white-color has-text-color\"><br>F\u00fcllen Sie einfach Ihre pers\u00f6nlichen Daten aus und lassen Sie uns mit Ihnen in Kontakt treten. In der Regel antworten wir innerhalb eines Tages, so dass Sie nicht warten m\u00fcssen.<br>Oder rufen Sie uns direkt an unter +27 (0)78 203 7120<\/p>\n\n\n\n<p class=\"has-text-color\" style=\"color:#ffffff\">La Bonne Auberge<br>21 van Zyl Street<br>Somerset West 7130<br>Western Cape<br>S\u00fcdafrika<br><\/p>\n\n\n\n<p class=\"has-text-color\" style=\"color:#ffffff\">+27 (0)78 203 7120<br><br><a href=\"mailto:info@labonneauberge.net\">info@labonneauberge.net<\/a><\/p>\n\n\n\n<div class=\"wp-block-getwid-advanced-heading\" style=\"margin-bottom:10px;margin-top:40px\"><h3 class=\"wp-block-getwid-advanced-heading__content has-text-color\" style=\"color:#ffffff\">Buchungsanfrage:<\/h3><\/div>\n\n\n\n<p class=\"has-text-color\" style=\"color:#ffffff\">f\u00fcr Buchungen erreichen Sie uns unter:<br><a href=\"press@companyname.com\">booking@labonneauberge.net<\/a><\/p>\n\n\n\n<div class=\"wp-block-getwid-advanced-heading\" style=\"margin-bottom:10px;margin-top:40px\"><h3 class=\"wp-block-getwid-advanced-heading__content has-text-color\" style=\"color:#ffffff\">Finde uns auf den sozialen Medien<\/h3><\/div>\n\n\n\n<div class=\"wp-block-getwid-social-links has-large-spacing\"><ul class=\"wp-block-getwid-social-links__list\"><li class=\"wp-block-getwid-social-links__item\"><a class=\"wp-block-getwid-social-links__link\" href=\"https:\/\/twitter.com\/LaBonneAubergedS\"><span class=\"wp-block-getwid-social-links__wrapper has-text-color\" style=\"color:#ffffff\"><i class=\"fab fa-twitter\"><\/i><\/span><\/a><\/li><li class=\"wp-block-getwid-social-links__item\"><a class=\"wp-block-getwid-social-links__link\" href=\"https:\/\/www.facebook.com\/La.Bonne.Auberge.Somerset.West\/\" target=\"_blank\" rel=\"noreferrer noopener\"><span class=\"wp-block-getwid-social-links__wrapper has-text-color\" style=\"color:#ffffff\"><i class=\"fab fa-facebook-f\"><\/i><\/span><\/a><\/li><li class=\"wp-block-getwid-social-links__item\"><a class=\"wp-block-getwid-social-links__link\" href=\"https:\/\/www.instagram.com\/labonneaubergesomersetwest\/\"><span class=\"wp-block-getwid-social-links__wrapper has-text-color\" style=\"color:#ffffff\"><i class=\"fab fa-instagram\"><\/i><\/span><\/a><\/li><\/ul><\/div>\n<\/div>\n\n\n\n<div class=\"wp-block-column is-vertically-aligned-center is-layout-flow wp-block-column-is-layout-flow\">\n<div class=\"wp-block-columns is-layout-flex wp-container-core-columns-is-layout-9d6595d7 wp-block-columns-is-layout-flex\">\n<div class=\"wp-block-column is-layout-flow wp-block-column-is-layout-flow\" style=\"flex-basis:100%\">\n<div class=\"wp-block-getwid-section is-style-with-shadow\"><div class=\"wp-block-getwid-section__wrapper getwid-padding-top-medium getwid-padding-bottom-medium getwid-padding-left-medium getwid-padding-right-medium\"><div class=\"wp-block-getwid-section__inner-wrapper\"><div class=\"wp-block-getwid-section__background-holder\"><div class=\"wp-block-getwid-section__background has-background has-white-background-color\"><\/div><div class=\"wp-block-getwid-section__foreground\"><\/div><\/div><div class=\"wp-block-getwid-section__content\"><div class=\"wp-block-getwid-section__inner-content\"><div class=\"wpforms-container wpforms-container-full wpforms-block wpforms-block-36e3a413-0ac4-4ca4-be2a-7fa17486413e\" id=\"wpforms-2038\"><form id=\"wpforms-form-2038\" class=\"wpforms-validate wpforms-form wpforms-ajax-form\" data-formid=\"2038\" method=\"post\" enctype=\"multipart\/form-data\" action=\"\/de\/index.php\/wp-json\/wp\/v2\/pages\/2111\" data-token=\"0142a0cec132e88b5735061fa080d7b4\" data-token-time=\"1776231096\"><div class=\"wpforms-head-container\"><\/div><noscript class=\"wpforms-error-noscript\">Bitte aktiviere JavaScript in deinem Browser, um dieses Formular fertigzustellen.<\/noscript><div class=\"wpforms-field-container\"><div id=\"wpforms-2038-field_0-container\" class=\"wpforms-field wpforms-field-name\" data-field-id=\"0\"><label class=\"wpforms-field-label\">Name <span class=\"wpforms-required-label\">*<\/span><\/label><div class=\"wpforms-field-row wpforms-field-medium\"><div class=\"wpforms-field-row-block wpforms-first wpforms-one-half\"><input type=\"text\" id=\"wpforms-2038-field_0\" class=\"wpforms-field-name-first wpforms-field-required\" name=\"wpforms[fields][0][first]\" required><label for=\"wpforms-2038-field_0\" class=\"wpforms-field-sublabel after\">Vorname<\/label><\/div><div class=\"wpforms-field-row-block wpforms-one-half\"><input type=\"text\" id=\"wpforms-2038-field_0-last\" class=\"wpforms-field-name-last wpforms-field-required\" name=\"wpforms[fields][0][last]\" required><label for=\"wpforms-2038-field_0-last\" class=\"wpforms-field-sublabel after\">Nachname<\/label><\/div><\/div><\/div><div id=\"wpforms-2038-field_1-container\" class=\"wpforms-field wpforms-field-email\" data-field-id=\"1\"><label class=\"wpforms-field-label\" for=\"wpforms-2038-field_1\">Email <span class=\"wpforms-required-label\">*<\/span><\/label><input type=\"email\" id=\"wpforms-2038-field_1\" class=\"wpforms-field-medium wpforms-field-required\" name=\"wpforms[fields][1]\" spellcheck=\"false\" required><\/div><div id=\"wpforms-2038-field_2-container\" class=\"wpforms-field wpforms-field-textarea\" data-field-id=\"2\"><label class=\"wpforms-field-label\" for=\"wpforms-2038-field_2\">Comment or Message <span class=\"wpforms-required-label\">*<\/span><\/label><textarea id=\"wpforms-2038-field_2\" class=\"wpforms-field-medium wpforms-field-required\" name=\"wpforms[fields][2]\" required><\/textarea><\/div><\/div><!-- .wpforms-field-container --><div class=\"wpforms-recaptcha-container wpforms-is-recaptcha wpforms-is-recaptcha-type-v2\" ><div class=\"g-recaptcha\" data-sitekey=\"6Lcq-ZMiAAAAAKSPepORuwKh2Esj2prmusereH1M\"><\/div><input type=\"text\" name=\"g-recaptcha-hidden\" class=\"wpforms-recaptcha-hidden\" style=\"position:absolute!important;clip:rect(0,0,0,0)!important;height:1px!important;width:1px!important;border:0!important;overflow:hidden!important;padding:0!important;margin:0!important;\" data-rule-recaptcha=\"1\"><\/div><div class=\"wpforms-submit-container\" ><input type=\"hidden\" name=\"wpforms[id]\" value=\"2038\"><input type=\"hidden\" name=\"page_title\" value=\"\"><input type=\"hidden\" name=\"page_url\" value=\"https:\/\/labonneauberge.net\/de\/index.php\/wp-json\/wp\/v2\/pages\/2111\"><input type=\"hidden\" name=\"url_referer\" value=\"\"><button type=\"submit\" name=\"wpforms[submit]\" id=\"wpforms-submit-2038\" class=\"wpforms-submit\" data-alt-text=\"Sending...\" data-submit-text=\"Submit\" aria-live=\"assertive\" value=\"wpforms-submit\">Submit<\/button><img decoding=\"async\" data-src=\"https:\/\/labonneauberge.net\/wp-content\/plugins\/wpforms-lite\/assets\/images\/submit-spin.svg\" class=\"wpforms-submit-spinner lazyload\" style=\"--smush-placeholder-width: 26px; --smush-placeholder-aspect-ratio: 26\/26;display: none;\" width=\"26\" height=\"26\" alt=\"Wird geladen\" src=\"data:image\/svg+xml;base64,PHN2ZyB3aWR0aD0iMSIgaGVpZ2h0PSIxIiB4bWxucz0iaHR0cDovL3d3dy53My5vcmcvMjAwMC9zdmciPjwvc3ZnPg==\"><\/div><\/form><\/div>  <!-- .wpforms-container --><\/div><\/div><\/div><\/div><\/div>\n<\/div>\n<\/div>\n<\/div>\n<\/div>\n\n\n\n<div class=\"wp-block-getwid-advanced-spacer\" style=\"height:20px\" aria-hidden=\"true\"><\/div>\n\n\n\n<div data-map-zoom=\"10\" data-interaction=\"greedy\" data-map-style=\"default\" data-map-center=\"{&quot;lat&quot;:-34.08023109818987,&quot;lng&quot;:18.854918425289405}\" data-zoom-control=\"false\" data-type-control=\"false\" data-street-view-control=\"false\" data-full-screen-control=\"false\" data-map-markers=\"[{&quot;name&quot;:&quot;La Bonne Auberge&quot;,&quot;description&quot;:&quot;21 van Zyl Street\\nSomerset West 7130\\nWestern Cape\\nSouth Africa&quot;,&quot;popUpOpen&quot;:true,&quot;popUpMaxWidth&quot;:250,&quot;bounce&quot;:false,&quot;coords&quot;:{&quot;lat&quot;:-34.0802310981898,&quot;lng&quot;:18.8549184252894}},{&quot;name&quot;:&quot;Cape Town International Airport (CPT)&quot;,&quot;description&quot;:&quot;&quot;,&quot;popUpOpen&quot;:false,&quot;popUpMaxWidth&quot;:250,&quot;bounce&quot;:false,&quot;coords&quot;:{&quot;lat&quot;:-33.968630005923664,&quot;lng&quot;:18.598252288427943}}]\" class=\"wp-block-getwid-map\"><div style=\"height:525px\" class=\"wp-block-getwid-map__container\"><\/div><ul class=\"wp-block-getwid-map__points\"><li><a href=\"https:\/\/maps.google.com\/?q=-34.0802310981898,18.8549184252894&amp;ll=-34.0802310981898,18.8549184252894&amp;z=10\">La Bonne Auberge<\/a><\/li><li><a href=\"https:\/\/maps.google.com\/?q=-33.968630005923664,18.598252288427943&amp;ll=-33.968630005923664,18.598252288427943&amp;z=10\">Cape Town International Airport (CPT)<\/a><\/li><\/ul><\/div>\n<\/div><\/div><\/div><\/div><\/div>\n","protected":false},"excerpt":{"rendered":"","protected":false},"author":1,"featured_media":0,"parent":0,"menu_order":0,"comment_status":"closed","ping_status":"closed","template":"template-canvas-page.php","meta":{"_eb_attr":"","om_disable_all_campaigns":false,"inline_featured_image":false,"_monsterinsights_skip_tracking":false,"_monsterinsights_sitenote_active":false,"_monsterinsights_sitenote_note":"","_monsterinsights_sitenote_category":0,"footnotes":""},"class_list":["post-2111","page","type-page","status-publish","hentry"],"yoast_head":"<!-- This site is optimized with the Yoast SEO plugin v27.2 - https:\/\/yoast.com\/product\/yoast-seo-wordpress\/ -->\n<title>Kontaktieren Sie Uns | Kontakt | La Bonne Auberge<\/title>\n<meta name=\"description\" content=\"Melden Sie sich bei Fragen und Anliegen beim La Bonne Auberge Team. Wir stehen Ihnen zu jeder Zeit zur verf\u00fcgung.\" \/>\n<meta name=\"robots\" content=\"index, follow, max-snippet:-1, max-image-preview:large, max-video-preview:-1\" \/>\n<link rel=\"canonical\" href=\"https:\/\/labonneauberge.net\/de\/index.php\/kontakt\/\" \/>\n<meta property=\"og:locale\" content=\"de_DE\" \/>\n<meta property=\"og:type\" content=\"article\" \/>\n<meta property=\"og:title\" content=\"Kontaktieren Sie Uns | Kontakt | La Bonne Auberge\" \/>\n<meta property=\"og:description\" content=\"Melden Sie sich bei Fragen und Anliegen beim La Bonne Auberge Team. Wir stehen Ihnen zu jeder Zeit zur verf\u00fcgung.\" \/>\n<meta property=\"og:url\" content=\"https:\/\/labonneauberge.net\/de\/index.php\/kontakt\/\" \/>\n<meta property=\"og:site_name\" content=\"La Bonne Auberge\" \/>\n<meta property=\"article:publisher\" content=\"https:\/\/www.facebook.com\/La.Bonne.Auberge.Somerset.West\" \/>\n<meta property=\"article:modified_time\" content=\"2023-12-28T20:01:48+00:00\" \/>\n<meta property=\"og:image\" content=\"http:\/\/labonneauberge.net\/wp-content\/uploads\/2023\/12\/MG_1247-scaled.jpg\" \/>\n<meta name=\"twitter:card\" content=\"summary_large_image\" \/>\n<meta name=\"twitter:site\" content=\"@LaBonneAubergeS\" \/>\n<meta name=\"twitter:label1\" content=\"Gesch\u00e4tzte Lesezeit\" \/>\n\t<meta name=\"twitter:data1\" content=\"2\u00a0Minuten\" \/>\n<script type=\"application\/ld+json\" class=\"yoast-schema-graph\">{\"@context\":\"https:\/\/schema.org\",\"@graph\":[{\"@type\":\"WebPage\",\"@id\":\"https:\/\/labonneauberge.net\/de\/index.php\/kontakt\/\",\"url\":\"https:\/\/labonneauberge.net\/de\/index.php\/kontakt\/\",\"name\":\"Kontaktieren Sie Uns | Kontakt | La Bonne Auberge\",\"isPartOf\":{\"@id\":\"https:\/\/labonneauberge.net\/de\/#website\"},\"primaryImageOfPage\":{\"@id\":\"https:\/\/labonneauberge.net\/de\/index.php\/kontakt\/#primaryimage\"},\"image\":{\"@id\":\"https:\/\/labonneauberge.net\/de\/index.php\/kontakt\/#primaryimage\"},\"thumbnailUrl\":\"http:\/\/labonneauberge.net\/wp-content\/uploads\/2023\/12\/MG_1247-scaled.jpg\",\"datePublished\":\"2022-08-06T04:07:35+00:00\",\"dateModified\":\"2023-12-28T20:01:48+00:00\",\"description\":\"Melden Sie sich bei Fragen und Anliegen beim La Bonne Auberge Team. Wir stehen Ihnen zu jeder Zeit zur verf\u00fcgung.\",\"breadcrumb\":{\"@id\":\"https:\/\/labonneauberge.net\/de\/index.php\/kontakt\/#breadcrumb\"},\"inLanguage\":\"de\",\"potentialAction\":[{\"@type\":\"ReadAction\",\"target\":[\"https:\/\/labonneauberge.net\/de\/index.php\/kontakt\/\"]}]},{\"@type\":\"ImageObject\",\"inLanguage\":\"de\",\"@id\":\"https:\/\/labonneauberge.net\/de\/index.php\/kontakt\/#primaryimage\",\"url\":\"http:\/\/labonneauberge.net\/wp-content\/uploads\/2023\/12\/MG_1247-scaled.jpg\",\"contentUrl\":\"http:\/\/labonneauberge.net\/wp-content\/uploads\/2023\/12\/MG_1247-scaled.jpg\"},{\"@type\":\"BreadcrumbList\",\"@id\":\"https:\/\/labonneauberge.net\/de\/index.php\/kontakt\/#breadcrumb\",\"itemListElement\":[{\"@type\":\"ListItem\",\"position\":1,\"name\":\"Home\",\"item\":\"https:\/\/labonneauberge.net\/de\/index.php\/home\/\"},{\"@type\":\"ListItem\",\"position\":2,\"name\":\"Kontakt\"}]},{\"@type\":\"WebSite\",\"@id\":\"https:\/\/labonneauberge.net\/de\/#website\",\"url\":\"https:\/\/labonneauberge.net\/de\/\",\"name\":\"La Bonne Auberge\",\"description\":\"Guesthouse in Somerset West\",\"publisher\":{\"@id\":\"https:\/\/labonneauberge.net\/de\/#organization\"},\"potentialAction\":[{\"@type\":\"SearchAction\",\"target\":{\"@type\":\"EntryPoint\",\"urlTemplate\":\"https:\/\/labonneauberge.net\/de\/?s={search_term_string}\"},\"query-input\":{\"@type\":\"PropertyValueSpecification\",\"valueRequired\":true,\"valueName\":\"search_term_string\"}}],\"inLanguage\":\"de\"},{\"@type\":\"Organization\",\"@id\":\"https:\/\/labonneauberge.net\/de\/#organization\",\"name\":\"La Bonne Auberge Somerset West\",\"url\":\"https:\/\/labonneauberge.net\/de\/\",\"logo\":{\"@type\":\"ImageObject\",\"inLanguage\":\"de\",\"@id\":\"https:\/\/labonneauberge.net\/de\/#\/schema\/logo\/image\/\",\"url\":\"https:\/\/labonneauberge.net\/wp-content\/uploads\/2025\/01\/cropped-LBALogo_black_Stars_transparent_kklein.png\",\"contentUrl\":\"https:\/\/labonneauberge.net\/wp-content\/uploads\/2025\/01\/cropped-LBALogo_black_Stars_transparent_kklein.png\",\"width\":473,\"height\":255,\"caption\":\"La Bonne Auberge Somerset West\"},\"image\":{\"@id\":\"https:\/\/labonneauberge.net\/de\/#\/schema\/logo\/image\/\"},\"sameAs\":[\"https:\/\/www.facebook.com\/La.Bonne.Auberge.Somerset.West\",\"https:\/\/x.com\/LaBonneAubergeS\",\"https:\/\/www.instagram.com\/labonneaubergesomersetwest\/\"]}]}<\/script>\n<!-- \/ Yoast SEO plugin. -->","yoast_head_json":{"title":"Kontaktieren Sie Uns | Kontakt | La Bonne Auberge","description":"Melden Sie sich bei Fragen und Anliegen beim La Bonne Auberge Team. Wir stehen Ihnen zu jeder Zeit zur verf\u00fcgung.","robots":{"index":"index","follow":"follow","max-snippet":"max-snippet:-1","max-image-preview":"max-image-preview:large","max-video-preview":"max-video-preview:-1"},"canonical":"https:\/\/labonneauberge.net\/de\/index.php\/kontakt\/","og_locale":"de_DE","og_type":"article","og_title":"Kontaktieren Sie Uns | Kontakt | La Bonne Auberge","og_description":"Melden Sie sich bei Fragen und Anliegen beim La Bonne Auberge Team. Wir stehen Ihnen zu jeder Zeit zur verf\u00fcgung.","og_url":"https:\/\/labonneauberge.net\/de\/index.php\/kontakt\/","og_site_name":"La Bonne Auberge","article_publisher":"https:\/\/www.facebook.com\/La.Bonne.Auberge.Somerset.West","article_modified_time":"2023-12-28T20:01:48+00:00","og_image":[{"url":"http:\/\/labonneauberge.net\/wp-content\/uploads\/2023\/12\/MG_1247-scaled.jpg","type":"","width":"","height":""}],"twitter_card":"summary_large_image","twitter_site":"@LaBonneAubergeS","twitter_misc":{"Gesch\u00e4tzte Lesezeit":"2\u00a0Minuten"},"schema":{"@context":"https:\/\/schema.org","@graph":[{"@type":"WebPage","@id":"https:\/\/labonneauberge.net\/de\/index.php\/kontakt\/","url":"https:\/\/labonneauberge.net\/de\/index.php\/kontakt\/","name":"Kontaktieren Sie Uns | Kontakt | La Bonne Auberge","isPartOf":{"@id":"https:\/\/labonneauberge.net\/de\/#website"},"primaryImageOfPage":{"@id":"https:\/\/labonneauberge.net\/de\/index.php\/kontakt\/#primaryimage"},"image":{"@id":"https:\/\/labonneauberge.net\/de\/index.php\/kontakt\/#primaryimage"},"thumbnailUrl":"http:\/\/labonneauberge.net\/wp-content\/uploads\/2023\/12\/MG_1247-scaled.jpg","datePublished":"2022-08-06T04:07:35+00:00","dateModified":"2023-12-28T20:01:48+00:00","description":"Melden Sie sich bei Fragen und Anliegen beim La Bonne Auberge Team. Wir stehen Ihnen zu jeder Zeit zur verf\u00fcgung.","breadcrumb":{"@id":"https:\/\/labonneauberge.net\/de\/index.php\/kontakt\/#breadcrumb"},"inLanguage":"de","potentialAction":[{"@type":"ReadAction","target":["https:\/\/labonneauberge.net\/de\/index.php\/kontakt\/"]}]},{"@type":"ImageObject","inLanguage":"de","@id":"https:\/\/labonneauberge.net\/de\/index.php\/kontakt\/#primaryimage","url":"http:\/\/labonneauberge.net\/wp-content\/uploads\/2023\/12\/MG_1247-scaled.jpg","contentUrl":"http:\/\/labonneauberge.net\/wp-content\/uploads\/2023\/12\/MG_1247-scaled.jpg"},{"@type":"BreadcrumbList","@id":"https:\/\/labonneauberge.net\/de\/index.php\/kontakt\/#breadcrumb","itemListElement":[{"@type":"ListItem","position":1,"name":"Home","item":"https:\/\/labonneauberge.net\/de\/index.php\/home\/"},{"@type":"ListItem","position":2,"name":"Kontakt"}]},{"@type":"WebSite","@id":"https:\/\/labonneauberge.net\/de\/#website","url":"https:\/\/labonneauberge.net\/de\/","name":"La Bonne Auberge","description":"Guesthouse in Somerset West","publisher":{"@id":"https:\/\/labonneauberge.net\/de\/#organization"},"potentialAction":[{"@type":"SearchAction","target":{"@type":"EntryPoint","urlTemplate":"https:\/\/labonneauberge.net\/de\/?s={search_term_string}"},"query-input":{"@type":"PropertyValueSpecification","valueRequired":true,"valueName":"search_term_string"}}],"inLanguage":"de"},{"@type":"Organization","@id":"https:\/\/labonneauberge.net\/de\/#organization","name":"La Bonne Auberge Somerset West","url":"https:\/\/labonneauberge.net\/de\/","logo":{"@type":"ImageObject","inLanguage":"de","@id":"https:\/\/labonneauberge.net\/de\/#\/schema\/logo\/image\/","url":"https:\/\/labonneauberge.net\/wp-content\/uploads\/2025\/01\/cropped-LBALogo_black_Stars_transparent_kklein.png","contentUrl":"https:\/\/labonneauberge.net\/wp-content\/uploads\/2025\/01\/cropped-LBALogo_black_Stars_transparent_kklein.png","width":473,"height":255,"caption":"La Bonne Auberge Somerset West"},"image":{"@id":"https:\/\/labonneauberge.net\/de\/#\/schema\/logo\/image\/"},"sameAs":["https:\/\/www.facebook.com\/La.Bonne.Auberge.Somerset.West","https:\/\/x.com\/LaBonneAubergeS","https:\/\/www.instagram.com\/labonneaubergesomersetwest\/"]}]}},"_links":{"self":[{"href":"https:\/\/labonneauberge.net\/de\/index.php\/wp-json\/wp\/v2\/pages\/2111","targetHints":{"allow":["GET"]}}],"collection":[{"href":"https:\/\/labonneauberge.net\/de\/index.php\/wp-json\/wp\/v2\/pages"}],"about":[{"href":"https:\/\/labonneauberge.net\/de\/index.php\/wp-json\/wp\/v2\/types\/page"}],"author":[{"embeddable":true,"href":"https:\/\/labonneauberge.net\/de\/index.php\/wp-json\/wp\/v2\/users\/1"}],"replies":[{"embeddable":true,"href":"https:\/\/labonneauberge.net\/de\/index.php\/wp-json\/wp\/v2\/comments?post=2111"}],"version-history":[{"count":12,"href":"https:\/\/labonneauberge.net\/de\/index.php\/wp-json\/wp\/v2\/pages\/2111\/revisions"}],"predecessor-version":[{"id":4697,"href":"https:\/\/labonneauberge.net\/de\/index.php\/wp-json\/wp\/v2\/pages\/2111\/revisions\/4697"}],"wp:attachment":[{"href":"https:\/\/labonneauberge.net\/de\/index.php\/wp-json\/wp\/v2\/media?parent=2111"}],"curies":[{"name":"wp","href":"https:\/\/api.w.org\/{rel}","templated":true}]}}