{"id":5454,"date":"2025-02-01T08:09:53","date_gmt":"2025-02-01T07:09:53","guid":{"rendered":"https:\/\/labonneauberge.net\/index.php\/art-the-bush-and-brush-art-galery\/"},"modified":"2025-02-01T08:30:45","modified_gmt":"2025-02-01T07:30:45","slug":"art-the-bush-and-brush-art-galery","status":"publish","type":"page","link":"https:\/\/labonneauberge.net\/de\/index.php\/art-the-bush-and-brush-art-galery\/","title":{"rendered":"Art &#8211; the Bush and Brush Art Galery"},"content":{"rendered":"\n<p>Wir freuen uns, die Bilder von Suzanne Elizabeth bei uns in der La Bonne Auberge Somerset West ausstellen zu k\u00f6nnen.<\/p>\n\n\n\n<h3 class=\"wp-block-heading\">\u00dcber Suzanne Elizabeth:<\/h3>\n\n\n\n<p>The Bush and Brush Art Gallery by <a href=\"http:\/\/Suzanneelizabeth.com\">Suzanneelizabeth.com<\/a><\/p>\n\n\n\n<p>Die Galerie befindet sich seit 2009 in der weltber\u00fchmten V&amp;A Waterfront.<\/p>\n\n\n\n<p>Ich begann zu malen als eine Form der Therapie und entdeckte bald, dass meine Kunst Emotionen hervorruft und eine Inspiration f\u00fcr andere ist.<\/p>\n\n\n\n<p>Als K\u00fcnstlerin und Tierfotografin schaffe ich Originalkunstwerke von Hand.<\/p>\n\n\n\n<p>Ich bin stolz auf die Authentizit\u00e4t meiner Arbeit, die Einzigartigkeit meines Stils und die au\u00dfergew\u00f6hnliche Qualit\u00e4t jedes Werks.<\/p>\n\n\n\n<p>Ich nutze jede Gelegenheit, den Tieren aus n\u00e4chster N\u00e4he zu begegnen, um die feinen Details der Tiere einzufangen und Erinnerungen an Safaris in Kunstwerke zu verwandeln.<\/p>\n\n\n\n<p>Angetrieben von meiner Leidenschaft f\u00fcr Afrika und seine Tierwelt unterst\u00fctze ich verschiedene Naturschutzinitiativen und bin stolz darauf, durch den Verkauf meiner Kunstwerke Arbeitspl\u00e4tze geschaffen und aufstrebenden K\u00fcnstlern die M\u00f6glichkeit gegeben zu haben, ihre Werke zu pr\u00e4sentieren.<\/p>\n\n\n\n<p>Ich habe mich darauf spezialisiert, Auftragsarbeiten nach Ma\u00df zu malen, die f\u00fcr jede Gr\u00f6\u00dfe geeignet sind.<\/p>\n\n\n\n<p>Meine Gem\u00e4lde k\u00f6nnen f\u00fcr einen sicheren und kosteng\u00fcnstigen weltweiten Versand gerollt werden.<\/p>\n\n\n\n<p>Bitte fragen Sie mich an, wenn Sie mit mir auf ein fotografisches Abenteuer im afrikanischen Busch gehen m\u00f6chten, bei dem Sie unsere majest\u00e4tische Tierwelt beobachten und dies mit einem Kunstworkshop kombinieren, bei dem Sie lernen, Ihr eigenes Meisterwerk zu malen, das Sie mit nach Hause nehmen k\u00f6nnen!<\/p>\n\n\n\n<div class=\"wp-block-getwid-images-slider has-arrows-inside has-dots-inside has-images-center has-fitted-images\"><div class=\"wp-block-getwid-images-slider__wrapper\" data-effect=\"slide\" data-slides-show=\"1\" data-slides-show-laptop=\"1\" data-slides-show-tablet=\"1\" data-slides-show-mobile=\"1\" data-slides-scroll=\"1\" data-autoplay=\"false\" data-pause-hover=\"false\" data-autoplay-speed=\"6000\" data-infinite=\"true\" data-animation-speed=\"800\" data-center-mode=\"false\" data-variable-width=\"false\" data-arrows=\"inside\" data-dots=\"inside\" data-spacing=\"none\"><div class=\"wp-block-getwid-images-slider__item\"><figure><img decoding=\"async\" width=\"1024\" height=\"690\" data-src=\"https:\/\/labonneauberge.net\/wp-content\/uploads\/2025\/01\/BushAndBush_Art09-1024x690.jpg\" alt=\"\" data-id=\"5434\" data-link=\"https:\/\/labonneauberge.net\/?attachment_id=5434\" data-original-link=\"https:\/\/labonneauberge.net\/wp-content\/uploads\/2025\/01\/BushAndBush_Art09.jpg\" class=\"wp-block-getwid-images-slider__image wp-image-5434 lazyload\" data-srcset=\"https:\/\/labonneauberge.net\/wp-content\/uploads\/2025\/01\/BushAndBush_Art09-1024x690.jpg 1024w, https:\/\/labonneauberge.net\/wp-content\/uploads\/2025\/01\/BushAndBush_Art09-300x202.jpg 300w, https:\/\/labonneauberge.net\/wp-content\/uploads\/2025\/01\/BushAndBush_Art09-768x518.jpg 768w, https:\/\/labonneauberge.net\/wp-content\/uploads\/2025\/01\/BushAndBush_Art09-892x601.jpg 892w, https:\/\/labonneauberge.net\/wp-content\/uploads\/2025\/01\/BushAndBush_Art09-600x405.jpg 600w, https:\/\/labonneauberge.net\/wp-content\/uploads\/2025\/01\/BushAndBush_Art09.jpg 1280w\" data-sizes=\"(max-width: 1024px) 100vw, 1024px\" src=\"data:image\/svg+xml;base64,PHN2ZyB3aWR0aD0iMSIgaGVpZ2h0PSIxIiB4bWxucz0iaHR0cDovL3d3dy53My5vcmcvMjAwMC9zdmciPjwvc3ZnPg==\" style=\"--smush-placeholder-width: 1024px; --smush-placeholder-aspect-ratio: 1024\/690;\" \/><\/figure><\/div><div class=\"wp-block-getwid-images-slider__item\"><figure><img decoding=\"async\" width=\"1024\" height=\"806\" data-src=\"https:\/\/labonneauberge.net\/wp-content\/uploads\/2025\/01\/BushAndBush_Art06-1024x806.jpg\" alt=\"\" data-id=\"5435\" data-link=\"https:\/\/labonneauberge.net\/?attachment_id=5435\" data-original-link=\"https:\/\/labonneauberge.net\/wp-content\/uploads\/2025\/01\/BushAndBush_Art06.jpg\" class=\"wp-block-getwid-images-slider__image wp-image-5435 lazyload\" data-srcset=\"https:\/\/labonneauberge.net\/wp-content\/uploads\/2025\/01\/BushAndBush_Art06-1024x806.jpg 1024w, https:\/\/labonneauberge.net\/wp-content\/uploads\/2025\/01\/BushAndBush_Art06-300x236.jpg 300w, https:\/\/labonneauberge.net\/wp-content\/uploads\/2025\/01\/BushAndBush_Art06-768x605.jpg 768w, https:\/\/labonneauberge.net\/wp-content\/uploads\/2025\/01\/BushAndBush_Art06-892x702.jpg 892w, https:\/\/labonneauberge.net\/wp-content\/uploads\/2025\/01\/BushAndBush_Art06-600x473.jpg 600w, https:\/\/labonneauberge.net\/wp-content\/uploads\/2025\/01\/BushAndBush_Art06.jpg 1280w\" data-sizes=\"(max-width: 1024px) 100vw, 1024px\" src=\"data:image\/svg+xml;base64,PHN2ZyB3aWR0aD0iMSIgaGVpZ2h0PSIxIiB4bWxucz0iaHR0cDovL3d3dy53My5vcmcvMjAwMC9zdmciPjwvc3ZnPg==\" style=\"--smush-placeholder-width: 1024px; --smush-placeholder-aspect-ratio: 1024\/806;\" \/><\/figure><\/div><div class=\"wp-block-getwid-images-slider__item\"><figure><img decoding=\"async\" width=\"1024\" height=\"1024\" data-src=\"https:\/\/labonneauberge.net\/wp-content\/uploads\/2025\/01\/BushAndBush_Art08-1024x1024.jpg\" alt=\"\" data-id=\"5437\" data-link=\"https:\/\/labonneauberge.net\/?attachment_id=5437\" data-original-link=\"https:\/\/labonneauberge.net\/wp-content\/uploads\/2025\/01\/BushAndBush_Art08.jpg\" class=\"wp-block-getwid-images-slider__image wp-image-5437 lazyload\" data-srcset=\"https:\/\/labonneauberge.net\/wp-content\/uploads\/2025\/01\/BushAndBush_Art08-1024x1024.jpg 1024w, https:\/\/labonneauberge.net\/wp-content\/uploads\/2025\/01\/BushAndBush_Art08-300x300.jpg 300w, https:\/\/labonneauberge.net\/wp-content\/uploads\/2025\/01\/BushAndBush_Art08-150x150.jpg 150w, https:\/\/labonneauberge.net\/wp-content\/uploads\/2025\/01\/BushAndBush_Art08-768x768.jpg 768w, https:\/\/labonneauberge.net\/wp-content\/uploads\/2025\/01\/BushAndBush_Art08-892x892.jpg 892w, https:\/\/labonneauberge.net\/wp-content\/uploads\/2025\/01\/BushAndBush_Art08-600x600.jpg 600w, https:\/\/labonneauberge.net\/wp-content\/uploads\/2025\/01\/BushAndBush_Art08-100x100.jpg 100w, https:\/\/labonneauberge.net\/wp-content\/uploads\/2025\/01\/BushAndBush_Art08.jpg 1280w\" data-sizes=\"(max-width: 1024px) 100vw, 1024px\" src=\"data:image\/svg+xml;base64,PHN2ZyB3aWR0aD0iMSIgaGVpZ2h0PSIxIiB4bWxucz0iaHR0cDovL3d3dy53My5vcmcvMjAwMC9zdmciPjwvc3ZnPg==\" style=\"--smush-placeholder-width: 1024px; --smush-placeholder-aspect-ratio: 1024\/1024;\" \/><\/figure><\/div><div class=\"wp-block-getwid-images-slider__item\"><figure><img decoding=\"async\" width=\"1024\" height=\"940\" data-src=\"https:\/\/labonneauberge.net\/wp-content\/uploads\/2025\/01\/BushAndBush_Art05-1024x940.jpg\" alt=\"\" data-id=\"5440\" data-link=\"https:\/\/labonneauberge.net\/?attachment_id=5440\" data-original-link=\"https:\/\/labonneauberge.net\/wp-content\/uploads\/2025\/01\/BushAndBush_Art05.jpg\" class=\"wp-block-getwid-images-slider__image wp-image-5440 lazyload\" data-srcset=\"https:\/\/labonneauberge.net\/wp-content\/uploads\/2025\/01\/BushAndBush_Art05-1024x940.jpg 1024w, https:\/\/labonneauberge.net\/wp-content\/uploads\/2025\/01\/BushAndBush_Art05-300x275.jpg 300w, https:\/\/labonneauberge.net\/wp-content\/uploads\/2025\/01\/BushAndBush_Art05-768x705.jpg 768w, https:\/\/labonneauberge.net\/wp-content\/uploads\/2025\/01\/BushAndBush_Art05-892x819.jpg 892w, https:\/\/labonneauberge.net\/wp-content\/uploads\/2025\/01\/BushAndBush_Art05-600x551.jpg 600w, https:\/\/labonneauberge.net\/wp-content\/uploads\/2025\/01\/BushAndBush_Art05.jpg 1280w\" data-sizes=\"(max-width: 1024px) 100vw, 1024px\" src=\"data:image\/svg+xml;base64,PHN2ZyB3aWR0aD0iMSIgaGVpZ2h0PSIxIiB4bWxucz0iaHR0cDovL3d3dy53My5vcmcvMjAwMC9zdmciPjwvc3ZnPg==\" style=\"--smush-placeholder-width: 1024px; --smush-placeholder-aspect-ratio: 1024\/940;\" \/><\/figure><\/div><div class=\"wp-block-getwid-images-slider__item\"><figure><img decoding=\"async\" width=\"691\" height=\"1024\" data-src=\"https:\/\/labonneauberge.net\/wp-content\/uploads\/2025\/01\/BushAndBush_Art03-691x1024.jpg\" alt=\"\" data-id=\"5441\" data-link=\"https:\/\/labonneauberge.net\/?attachment_id=5441\" data-original-link=\"https:\/\/labonneauberge.net\/wp-content\/uploads\/2025\/01\/BushAndBush_Art03.jpg\" class=\"wp-block-getwid-images-slider__image wp-image-5441 lazyload\" data-srcset=\"https:\/\/labonneauberge.net\/wp-content\/uploads\/2025\/01\/BushAndBush_Art03-691x1024.jpg 691w, https:\/\/labonneauberge.net\/wp-content\/uploads\/2025\/01\/BushAndBush_Art03-203x300.jpg 203w, https:\/\/labonneauberge.net\/wp-content\/uploads\/2025\/01\/BushAndBush_Art03-768x1138.jpg 768w, https:\/\/labonneauberge.net\/wp-content\/uploads\/2025\/01\/BushAndBush_Art03-600x889.jpg 600w, https:\/\/labonneauberge.net\/wp-content\/uploads\/2025\/01\/BushAndBush_Art03.jpg 864w\" data-sizes=\"(max-width: 691px) 100vw, 691px\" src=\"data:image\/svg+xml;base64,PHN2ZyB3aWR0aD0iMSIgaGVpZ2h0PSIxIiB4bWxucz0iaHR0cDovL3d3dy53My5vcmcvMjAwMC9zdmciPjwvc3ZnPg==\" style=\"--smush-placeholder-width: 691px; --smush-placeholder-aspect-ratio: 691\/1024;\" \/><\/figure><\/div><div class=\"wp-block-getwid-images-slider__item\"><figure><img decoding=\"async\" width=\"384\" height=\"640\" data-src=\"https:\/\/labonneauberge.net\/wp-content\/uploads\/2025\/01\/BushAndBush_Art02.jpg\" alt=\"\" data-id=\"5429\" data-link=\"https:\/\/labonneauberge.net\/?attachment_id=5429\" data-original-link=\"https:\/\/labonneauberge.net\/wp-content\/uploads\/2025\/01\/BushAndBush_Art02.jpg\" class=\"wp-block-getwid-images-slider__image wp-image-5429 lazyload\" data-srcset=\"https:\/\/labonneauberge.net\/wp-content\/uploads\/2025\/01\/BushAndBush_Art02.jpg 384w, https:\/\/labonneauberge.net\/wp-content\/uploads\/2025\/01\/BushAndBush_Art02-180x300.jpg 180w\" data-sizes=\"(max-width: 384px) 100vw, 384px\" src=\"data:image\/svg+xml;base64,PHN2ZyB3aWR0aD0iMSIgaGVpZ2h0PSIxIiB4bWxucz0iaHR0cDovL3d3dy53My5vcmcvMjAwMC9zdmciPjwvc3ZnPg==\" style=\"--smush-placeholder-width: 384px; --smush-placeholder-aspect-ratio: 384\/640;\" \/><\/figure><\/div><div class=\"wp-block-getwid-images-slider__item\"><figure><img decoding=\"async\" width=\"598\" height=\"1024\" data-src=\"https:\/\/labonneauberge.net\/wp-content\/uploads\/2025\/01\/BushAndBush_Art07-598x1024.jpg\" alt=\"\" data-id=\"5431\" data-link=\"https:\/\/labonneauberge.net\/?attachment_id=5431\" data-original-link=\"https:\/\/labonneauberge.net\/wp-content\/uploads\/2025\/01\/BushAndBush_Art07.jpg\" class=\"wp-block-getwid-images-slider__image wp-image-5431 lazyload\" data-srcset=\"https:\/\/labonneauberge.net\/wp-content\/uploads\/2025\/01\/BushAndBush_Art07-598x1024.jpg 598w, https:\/\/labonneauberge.net\/wp-content\/uploads\/2025\/01\/BushAndBush_Art07-175x300.jpg 175w, https:\/\/labonneauberge.net\/wp-content\/uploads\/2025\/01\/BushAndBush_Art07-600x1028.jpg 600w, https:\/\/labonneauberge.net\/wp-content\/uploads\/2025\/01\/BushAndBush_Art07.jpg 747w\" data-sizes=\"(max-width: 598px) 100vw, 598px\" src=\"data:image\/svg+xml;base64,PHN2ZyB3aWR0aD0iMSIgaGVpZ2h0PSIxIiB4bWxucz0iaHR0cDovL3d3dy53My5vcmcvMjAwMC9zdmciPjwvc3ZnPg==\" style=\"--smush-placeholder-width: 598px; --smush-placeholder-aspect-ratio: 598\/1024;\" \/><\/figure><\/div><div class=\"wp-block-getwid-images-slider__item\"><figure><img decoding=\"async\" width=\"640\" height=\"384\" data-src=\"https:\/\/labonneauberge.net\/wp-content\/uploads\/2025\/01\/BushAndBush_Art04.jpg\" alt=\"\" data-id=\"5427\" data-link=\"https:\/\/labonneauberge.net\/?attachment_id=5427\" data-original-link=\"https:\/\/labonneauberge.net\/wp-content\/uploads\/2025\/01\/BushAndBush_Art04.jpg\" class=\"wp-block-getwid-images-slider__image wp-image-5427 lazyload\" data-srcset=\"https:\/\/labonneauberge.net\/wp-content\/uploads\/2025\/01\/BushAndBush_Art04.jpg 640w, https:\/\/labonneauberge.net\/wp-content\/uploads\/2025\/01\/BushAndBush_Art04-300x180.jpg 300w, https:\/\/labonneauberge.net\/wp-content\/uploads\/2025\/01\/BushAndBush_Art04-600x360.jpg 600w\" data-sizes=\"(max-width: 640px) 100vw, 640px\" src=\"data:image\/svg+xml;base64,PHN2ZyB3aWR0aD0iMSIgaGVpZ2h0PSIxIiB4bWxucz0iaHR0cDovL3d3dy53My5vcmcvMjAwMC9zdmciPjwvc3ZnPg==\" style=\"--smush-placeholder-width: 640px; --smush-placeholder-aspect-ratio: 640\/384;\" \/><\/figure><\/div><\/div><\/div>\n","protected":false},"excerpt":{"rendered":"<p>Wir freuen uns, die Bilder von Suzanne Elizabeth bei uns in der La Bonne Auberge Somerset West ausstellen zu k\u00f6nnen. \u00dcber Suzanne Elizabeth: The Bush and Brush Art Gallery by Suzanneelizabeth.com Die Galerie befindet sich seit 2009 in der weltber\u00fchmten V&amp;A Waterfront. Ich begann zu malen als eine Form der Therapie und entdeckte bald, dass [&hellip;]<\/p>\n","protected":false},"author":1,"featured_media":5432,"parent":0,"menu_order":0,"comment_status":"closed","ping_status":"closed","template":"","meta":{"_eb_attr":"","om_disable_all_campaigns":false,"inline_featured_image":false,"_monsterinsights_skip_tracking":false,"_monsterinsights_sitenote_active":false,"_monsterinsights_sitenote_note":"","_monsterinsights_sitenote_category":0,"footnotes":""},"class_list":["post-5454","page","type-page","status-publish","has-post-thumbnail","hentry"],"yoast_head":"<!-- This site is optimized with the Yoast SEO plugin v27.4 - https:\/\/yoast.com\/product\/yoast-seo-wordpress\/ -->\n<title>Art - the Bush and Brush Art Galery - La Bonne Auberge<\/title>\n<meta name=\"description\" content=\"We are delighted to be able to exhibit Suzanne Elizabeth&#039;s paintings from Bush and Brush Galery at La Bonne Auberge Somerset West.\" \/>\n<meta name=\"robots\" content=\"index, follow, max-snippet:-1, max-image-preview:large, max-video-preview:-1\" \/>\n<link rel=\"canonical\" href=\"https:\/\/labonneauberge.net\/de\/index.php\/art-the-bush-and-brush-art-galery\/\" \/>\n<meta property=\"og:locale\" content=\"de_DE\" \/>\n<meta property=\"og:type\" content=\"article\" \/>\n<meta property=\"og:title\" content=\"Art - the Bush and Brush Art Galery - La Bonne Auberge\" \/>\n<meta property=\"og:description\" content=\"We are delighted to be able to exhibit Suzanne Elizabeth&#039;s paintings from Bush and Brush Galery at La Bonne Auberge Somerset West.\" \/>\n<meta property=\"og:url\" content=\"https:\/\/labonneauberge.net\/de\/index.php\/art-the-bush-and-brush-art-galery\/\" \/>\n<meta property=\"og:site_name\" content=\"La Bonne Auberge\" \/>\n<meta property=\"article:publisher\" content=\"https:\/\/www.facebook.com\/La.Bonne.Auberge.Somerset.West\" \/>\n<meta property=\"article:modified_time\" content=\"2025-02-01T07:30:45+00:00\" \/>\n<meta property=\"og:image\" content=\"http:\/\/labonneauberge.net\/wp-content\/uploads\/2025\/01\/BushAndBush_Art07.jpg\" \/>\n\t<meta property=\"og:image:width\" content=\"747\" \/>\n\t<meta property=\"og:image:height\" content=\"1280\" \/>\n\t<meta property=\"og:image:type\" content=\"image\/jpeg\" \/>\n<meta name=\"twitter:card\" content=\"summary_large_image\" \/>\n<meta name=\"twitter:site\" content=\"@LaBonneAubergeS\" \/>\n<meta name=\"twitter:label1\" content=\"Gesch\u00e4tzte Lesezeit\" \/>\n\t<meta name=\"twitter:data1\" content=\"3\u00a0Minuten\" \/>\n<script type=\"application\/ld+json\" class=\"yoast-schema-graph\">{\"@context\":\"https:\\\/\\\/schema.org\",\"@graph\":[{\"@type\":\"WebPage\",\"@id\":\"https:\\\/\\\/labonneauberge.net\\\/de\\\/index.php\\\/art-the-bush-and-brush-art-galery\\\/\",\"url\":\"https:\\\/\\\/labonneauberge.net\\\/de\\\/index.php\\\/art-the-bush-and-brush-art-galery\\\/\",\"name\":\"Art - the Bush and Brush Art Galery - La Bonne Auberge\",\"isPartOf\":{\"@id\":\"https:\\\/\\\/labonneauberge.net\\\/de\\\/#website\"},\"primaryImageOfPage\":{\"@id\":\"https:\\\/\\\/labonneauberge.net\\\/de\\\/index.php\\\/art-the-bush-and-brush-art-galery\\\/#primaryimage\"},\"image\":{\"@id\":\"https:\\\/\\\/labonneauberge.net\\\/de\\\/index.php\\\/art-the-bush-and-brush-art-galery\\\/#primaryimage\"},\"thumbnailUrl\":\"https:\\\/\\\/labonneauberge.net\\\/wp-content\\\/uploads\\\/2025\\\/01\\\/BushAndBush_Art07.jpg\",\"datePublished\":\"2025-02-01T07:09:53+00:00\",\"dateModified\":\"2025-02-01T07:30:45+00:00\",\"description\":\"We are delighted to be able to exhibit Suzanne Elizabeth's paintings from Bush and Brush Galery at La Bonne Auberge Somerset West.\",\"breadcrumb\":{\"@id\":\"https:\\\/\\\/labonneauberge.net\\\/de\\\/index.php\\\/art-the-bush-and-brush-art-galery\\\/#breadcrumb\"},\"inLanguage\":\"de\",\"potentialAction\":[{\"@type\":\"ReadAction\",\"target\":[\"https:\\\/\\\/labonneauberge.net\\\/de\\\/index.php\\\/art-the-bush-and-brush-art-galery\\\/\"]}]},{\"@type\":\"ImageObject\",\"inLanguage\":\"de\",\"@id\":\"https:\\\/\\\/labonneauberge.net\\\/de\\\/index.php\\\/art-the-bush-and-brush-art-galery\\\/#primaryimage\",\"url\":\"https:\\\/\\\/labonneauberge.net\\\/wp-content\\\/uploads\\\/2025\\\/01\\\/BushAndBush_Art07.jpg\",\"contentUrl\":\"https:\\\/\\\/labonneauberge.net\\\/wp-content\\\/uploads\\\/2025\\\/01\\\/BushAndBush_Art07.jpg\",\"width\":747,\"height\":1280},{\"@type\":\"BreadcrumbList\",\"@id\":\"https:\\\/\\\/labonneauberge.net\\\/de\\\/index.php\\\/art-the-bush-and-brush-art-galery\\\/#breadcrumb\",\"itemListElement\":[{\"@type\":\"ListItem\",\"position\":1,\"name\":\"Home\",\"item\":\"https:\\\/\\\/labonneauberge.net\\\/de\\\/index.php\\\/home\\\/\"},{\"@type\":\"ListItem\",\"position\":2,\"name\":\"Art &#8211; the Bush and Brush Art Galery\"}]},{\"@type\":\"WebSite\",\"@id\":\"https:\\\/\\\/labonneauberge.net\\\/de\\\/#website\",\"url\":\"https:\\\/\\\/labonneauberge.net\\\/de\\\/\",\"name\":\"La Bonne Auberge\",\"description\":\"Guesthouse in Somerset West\",\"publisher\":{\"@id\":\"https:\\\/\\\/labonneauberge.net\\\/de\\\/#organization\"},\"potentialAction\":[{\"@type\":\"SearchAction\",\"target\":{\"@type\":\"EntryPoint\",\"urlTemplate\":\"https:\\\/\\\/labonneauberge.net\\\/de\\\/?s={search_term_string}\"},\"query-input\":{\"@type\":\"PropertyValueSpecification\",\"valueRequired\":true,\"valueName\":\"search_term_string\"}}],\"inLanguage\":\"de\"},{\"@type\":\"Organization\",\"@id\":\"https:\\\/\\\/labonneauberge.net\\\/de\\\/#organization\",\"name\":\"La Bonne Auberge Somerset West\",\"url\":\"https:\\\/\\\/labonneauberge.net\\\/de\\\/\",\"logo\":{\"@type\":\"ImageObject\",\"inLanguage\":\"de\",\"@id\":\"https:\\\/\\\/labonneauberge.net\\\/de\\\/#\\\/schema\\\/logo\\\/image\\\/\",\"url\":\"https:\\\/\\\/labonneauberge.net\\\/wp-content\\\/uploads\\\/2025\\\/01\\\/cropped-LBALogo_black_Stars_transparent_kklein.png\",\"contentUrl\":\"https:\\\/\\\/labonneauberge.net\\\/wp-content\\\/uploads\\\/2025\\\/01\\\/cropped-LBALogo_black_Stars_transparent_kklein.png\",\"width\":473,\"height\":255,\"caption\":\"La Bonne Auberge Somerset West\"},\"image\":{\"@id\":\"https:\\\/\\\/labonneauberge.net\\\/de\\\/#\\\/schema\\\/logo\\\/image\\\/\"},\"sameAs\":[\"https:\\\/\\\/www.facebook.com\\\/La.Bonne.Auberge.Somerset.West\",\"https:\\\/\\\/x.com\\\/LaBonneAubergeS\",\"https:\\\/\\\/www.instagram.com\\\/labonneaubergesomersetwest\\\/\"]}]}<\/script>\n<!-- \/ Yoast SEO plugin. -->","yoast_head_json":{"title":"Art - the Bush and Brush Art Galery - La Bonne Auberge","description":"We are delighted to be able to exhibit Suzanne Elizabeth's paintings from Bush and Brush Galery at La Bonne Auberge Somerset West.","robots":{"index":"index","follow":"follow","max-snippet":"max-snippet:-1","max-image-preview":"max-image-preview:large","max-video-preview":"max-video-preview:-1"},"canonical":"https:\/\/labonneauberge.net\/de\/index.php\/art-the-bush-and-brush-art-galery\/","og_locale":"de_DE","og_type":"article","og_title":"Art - the Bush and Brush Art Galery - La Bonne Auberge","og_description":"We are delighted to be able to exhibit Suzanne Elizabeth's paintings from Bush and Brush Galery at La Bonne Auberge Somerset West.","og_url":"https:\/\/labonneauberge.net\/de\/index.php\/art-the-bush-and-brush-art-galery\/","og_site_name":"La Bonne Auberge","article_publisher":"https:\/\/www.facebook.com\/La.Bonne.Auberge.Somerset.West","article_modified_time":"2025-02-01T07:30:45+00:00","og_image":[{"width":747,"height":1280,"url":"http:\/\/labonneauberge.net\/wp-content\/uploads\/2025\/01\/BushAndBush_Art07.jpg","type":"image\/jpeg"}],"twitter_card":"summary_large_image","twitter_site":"@LaBonneAubergeS","twitter_misc":{"Gesch\u00e4tzte Lesezeit":"3\u00a0Minuten"},"schema":{"@context":"https:\/\/schema.org","@graph":[{"@type":"WebPage","@id":"https:\/\/labonneauberge.net\/de\/index.php\/art-the-bush-and-brush-art-galery\/","url":"https:\/\/labonneauberge.net\/de\/index.php\/art-the-bush-and-brush-art-galery\/","name":"Art - the Bush and Brush Art Galery - La Bonne Auberge","isPartOf":{"@id":"https:\/\/labonneauberge.net\/de\/#website"},"primaryImageOfPage":{"@id":"https:\/\/labonneauberge.net\/de\/index.php\/art-the-bush-and-brush-art-galery\/#primaryimage"},"image":{"@id":"https:\/\/labonneauberge.net\/de\/index.php\/art-the-bush-and-brush-art-galery\/#primaryimage"},"thumbnailUrl":"https:\/\/labonneauberge.net\/wp-content\/uploads\/2025\/01\/BushAndBush_Art07.jpg","datePublished":"2025-02-01T07:09:53+00:00","dateModified":"2025-02-01T07:30:45+00:00","description":"We are delighted to be able to exhibit Suzanne Elizabeth's paintings from Bush and Brush Galery at La Bonne Auberge Somerset West.","breadcrumb":{"@id":"https:\/\/labonneauberge.net\/de\/index.php\/art-the-bush-and-brush-art-galery\/#breadcrumb"},"inLanguage":"de","potentialAction":[{"@type":"ReadAction","target":["https:\/\/labonneauberge.net\/de\/index.php\/art-the-bush-and-brush-art-galery\/"]}]},{"@type":"ImageObject","inLanguage":"de","@id":"https:\/\/labonneauberge.net\/de\/index.php\/art-the-bush-and-brush-art-galery\/#primaryimage","url":"https:\/\/labonneauberge.net\/wp-content\/uploads\/2025\/01\/BushAndBush_Art07.jpg","contentUrl":"https:\/\/labonneauberge.net\/wp-content\/uploads\/2025\/01\/BushAndBush_Art07.jpg","width":747,"height":1280},{"@type":"BreadcrumbList","@id":"https:\/\/labonneauberge.net\/de\/index.php\/art-the-bush-and-brush-art-galery\/#breadcrumb","itemListElement":[{"@type":"ListItem","position":1,"name":"Home","item":"https:\/\/labonneauberge.net\/de\/index.php\/home\/"},{"@type":"ListItem","position":2,"name":"Art &#8211; the Bush and Brush Art Galery"}]},{"@type":"WebSite","@id":"https:\/\/labonneauberge.net\/de\/#website","url":"https:\/\/labonneauberge.net\/de\/","name":"La Bonne Auberge","description":"Guesthouse in Somerset West","publisher":{"@id":"https:\/\/labonneauberge.net\/de\/#organization"},"potentialAction":[{"@type":"SearchAction","target":{"@type":"EntryPoint","urlTemplate":"https:\/\/labonneauberge.net\/de\/?s={search_term_string}"},"query-input":{"@type":"PropertyValueSpecification","valueRequired":true,"valueName":"search_term_string"}}],"inLanguage":"de"},{"@type":"Organization","@id":"https:\/\/labonneauberge.net\/de\/#organization","name":"La Bonne Auberge Somerset West","url":"https:\/\/labonneauberge.net\/de\/","logo":{"@type":"ImageObject","inLanguage":"de","@id":"https:\/\/labonneauberge.net\/de\/#\/schema\/logo\/image\/","url":"https:\/\/labonneauberge.net\/wp-content\/uploads\/2025\/01\/cropped-LBALogo_black_Stars_transparent_kklein.png","contentUrl":"https:\/\/labonneauberge.net\/wp-content\/uploads\/2025\/01\/cropped-LBALogo_black_Stars_transparent_kklein.png","width":473,"height":255,"caption":"La Bonne Auberge Somerset West"},"image":{"@id":"https:\/\/labonneauberge.net\/de\/#\/schema\/logo\/image\/"},"sameAs":["https:\/\/www.facebook.com\/La.Bonne.Auberge.Somerset.West","https:\/\/x.com\/LaBonneAubergeS","https:\/\/www.instagram.com\/labonneaubergesomersetwest\/"]}]}},"_links":{"self":[{"href":"https:\/\/labonneauberge.net\/de\/index.php\/wp-json\/wp\/v2\/pages\/5454","targetHints":{"allow":["GET"]}}],"collection":[{"href":"https:\/\/labonneauberge.net\/de\/index.php\/wp-json\/wp\/v2\/pages"}],"about":[{"href":"https:\/\/labonneauberge.net\/de\/index.php\/wp-json\/wp\/v2\/types\/page"}],"author":[{"embeddable":true,"href":"https:\/\/labonneauberge.net\/de\/index.php\/wp-json\/wp\/v2\/users\/1"}],"replies":[{"embeddable":true,"href":"https:\/\/labonneauberge.net\/de\/index.php\/wp-json\/wp\/v2\/comments?post=5454"}],"version-history":[{"count":2,"href":"https:\/\/labonneauberge.net\/de\/index.php\/wp-json\/wp\/v2\/pages\/5454\/revisions"}],"predecessor-version":[{"id":5460,"href":"https:\/\/labonneauberge.net\/de\/index.php\/wp-json\/wp\/v2\/pages\/5454\/revisions\/5460"}],"wp:featuredmedia":[{"embeddable":true,"href":"https:\/\/labonneauberge.net\/de\/index.php\/wp-json\/wp\/v2\/media\/5432"}],"wp:attachment":[{"href":"https:\/\/labonneauberge.net\/de\/index.php\/wp-json\/wp\/v2\/media?parent=5454"}],"curies":[{"name":"wp","href":"https:\/\/api.w.org\/{rel}","templated":true}]}}